{"id":489,"date":"2023-01-17T04:24:20","date_gmt":"2023-01-17T03:24:20","guid":{"rendered":"https:\/\/infocrep.cssdm.gouv.qc.ca\/creptransition\/?page_id=489"},"modified":"2025-03-27T15:34:41","modified_gmt":"2025-03-27T19:34:41","slug":"qui-peut-faire-une-demande-de-service","status":"publish","type":"page","link":"https:\/\/infocrep.cssdm.gouv.qc.ca\/creptransition\/qui-peut-faire-une-demande-de-service\/","title":{"rendered":"Qui peut faire une demande de service"},"content":{"rendered":"<p>Tout adulte de 16 ans et plus qui a un projet d\u2019\u00e9tudes et qui souhaite un accompagnement dans sa transition pour r\u00e9ussir son cheminement scolaire :<\/p>\n<ul>\n<li>Que l\u2019adulte souhaite entamer un retour \u00e0 l\u2019\u00e9cole sans \u00eatre encore inscrit dans un programme;<\/li>\n<li>que son projet d&rsquo;\u00e9tudes soit d\u00e9fini ou qu&rsquo;il soit en exploration pour un nouveau projet d&rsquo;\u00e9tudes;<\/li>\n<li>qu\u2019il soit inscrit dans un programme et qu&rsquo;il d\u00e9bute dans quelques mois ou quelques semaines.<\/li>\n<\/ul>\n<p>Les enseignants, intervenants d&rsquo;organismes ou professionnels du SARCA peuvent \u00e9galement faire une demande au nom d\u2019un adulte qui souhaite b\u00e9n\u00e9ficier du service de <em>Soutien \u00e0 la transition du CREP. <\/em>Notez que ce service est offert sans restriction de territoire.<\/p>\n<h4><a style=\"color: #42baeb;\" href=\"https:\/\/infocrep.cssdm.gouv.qc.ca\/transition\/\" target=\"_blank\" rel=\"noopener\"><strong>Pour faire une demande de service, c&rsquo;est ici.<\/strong><\/a><\/h4>\n<p>&nbsp;<\/p>\n<p><img loading=\"lazy\" decoding=\"async\" class=\"aligncenter wp-image-870 \" src=\"https:\/\/infocrep.cssdm.gouv.qc.ca\/creptransition\/wp-content\/uploads\/sites\/10\/2023\/02\/soutien-FGA.png\" alt=\"\" width=\"1116\" height=\"628\" srcset=\"https:\/\/infocrep.cssdm.gouv.qc.ca\/creptransition\/wp-content\/uploads\/sites\/10\/2023\/02\/soutien-FGA.png 1920w, https:\/\/infocrep.cssdm.gouv.qc.ca\/creptransition\/wp-content\/uploads\/sites\/10\/2023\/02\/soutien-FGA-300x169.png 300w, https:\/\/infocrep.cssdm.gouv.qc.ca\/creptransition\/wp-content\/uploads\/sites\/10\/2023\/02\/soutien-FGA-1024x576.png 1024w, https:\/\/infocrep.cssdm.gouv.qc.ca\/creptransition\/wp-content\/uploads\/sites\/10\/2023\/02\/soutien-FGA-768x432.png 768w, https:\/\/infocrep.cssdm.gouv.qc.ca\/creptransition\/wp-content\/uploads\/sites\/10\/2023\/02\/soutien-FGA-1536x864.png 1536w\" sizes=\"auto, (max-width: 1116px) 100vw, 1116px\" \/><\/p>\n","protected":false},"excerpt":{"rendered":"<p>Tout adulte de 16 ans et plus qui a un projet d\u2019\u00e9tudes et qui souhaite un accompagnement dans sa transition pour r\u00e9ussir son cheminement scolaire : Que l\u2019adulte souhaite entamer&hellip; <br \/> <a class=\"read-more\" href=\"https:\/\/infocrep.cssdm.gouv.qc.ca\/creptransition\/qui-peut-faire-une-demande-de-service\/\">Lire la suite<\/a><\/p>\n","protected":false},"author":2,"featured_media":0,"parent":0,"menu_order":0,"comment_status":"closed","ping_status":"closed","template":"page-templates\/page-with-right-sidebar.php","meta":{"footnotes":""},"class_list":["post-489","page","type-page","status-publish","hentry"],"yoast_head":"<title>Qui peut faire une demande de service - CREP Transition<\/title>\r\n<meta name=\"robots\" content=\"index, follow, max-snippet:-1, max-image-preview:large, max-video-preview:-1\" \/>\r\n<link rel=\"canonical\" href=\"https:\/\/infocrep.cssdm.gouv.qc.ca\/creptransition\/qui-peut-faire-une-demande-de-service\/\" \/>\r\n<meta property=\"og:locale\" content=\"fr_FR\" \/>\r\n<meta property=\"og:type\" content=\"article\" \/>\r\n<meta property=\"og:title\" content=\"Qui peut faire une demande de service - CREP Transition\" \/>\r\n<meta property=\"og:description\" content=\"Tout adulte de 16 ans et plus qui a un projet d\u2019\u00e9tudes et qui souhaite un accompagnement dans sa transition pour r\u00e9ussir son cheminement scolaire : Que l\u2019adulte souhaite entamer&hellip; Lire la suite\" \/>\r\n<meta property=\"og:url\" content=\"https:\/\/infocrep.cssdm.gouv.qc.ca\/creptransition\/qui-peut-faire-une-demande-de-service\/\" \/>\r\n<meta property=\"og:site_name\" content=\"CREP Transition\" \/>\r\n<meta property=\"article:modified_time\" content=\"2025-03-27T19:34:41+00:00\" \/>\r\n<meta property=\"og:image\" content=\"https:\/\/infocrep.cssdm.gouv.qc.ca\/creptransition\/wp-content\/uploads\/sites\/10\/2023\/02\/soutien-FGA-1024x576.png\" \/>\r\n\t<meta property=\"og:image:width\" content=\"1024\" \/>\r\n\t<meta property=\"og:image:height\" content=\"576\" \/>\r\n\t<meta property=\"og:image:type\" content=\"image\/png\" \/>\r\n<meta name=\"twitter:card\" content=\"summary_large_image\" \/>\r\n<meta name=\"twitter:label1\" content=\"Dur\u00e9e de lecture estim\u00e9e\" \/>\n\t<meta name=\"twitter:data1\" content=\"1 minute\" \/>\r\n<script type=\"application\/ld+json\" class=\"yoast-schema-graph\">{\"@context\":\"https:\/\/schema.org\",\"@graph\":[{\"@type\":\"WebPage\",\"@id\":\"https:\/\/infocrep.cssdm.gouv.qc.ca\/creptransition\/qui-peut-faire-une-demande-de-service\/\",\"url\":\"https:\/\/infocrep.cssdm.gouv.qc.ca\/creptransition\/qui-peut-faire-une-demande-de-service\/\",\"name\":\"Qui peut faire une demande de service - CREP Transition\",\"isPartOf\":{\"@id\":\"https:\/\/infocrep.cssdm.gouv.qc.ca\/creptransition\/#website\"},\"primaryImageOfPage\":{\"@id\":\"https:\/\/infocrep.cssdm.gouv.qc.ca\/creptransition\/qui-peut-faire-une-demande-de-service\/#primaryimage\"},\"image\":{\"@id\":\"https:\/\/infocrep.cssdm.gouv.qc.ca\/creptransition\/qui-peut-faire-une-demande-de-service\/#primaryimage\"},\"thumbnailUrl\":\"https:\/\/infocrep.cssdm.gouv.qc.ca\/creptransition\/wp-content\/uploads\/sites\/10\/2023\/02\/soutien-FGA.png\",\"datePublished\":\"2023-01-17T03:24:20+00:00\",\"dateModified\":\"2025-03-27T19:34:41+00:00\",\"breadcrumb\":{\"@id\":\"https:\/\/infocrep.cssdm.gouv.qc.ca\/creptransition\/qui-peut-faire-une-demande-de-service\/#breadcrumb\"},\"inLanguage\":\"fr-FR\",\"potentialAction\":[{\"@type\":\"ReadAction\",\"target\":[\"https:\/\/infocrep.cssdm.gouv.qc.ca\/creptransition\/qui-peut-faire-une-demande-de-service\/\"]}]},{\"@type\":\"ImageObject\",\"inLanguage\":\"fr-FR\",\"@id\":\"https:\/\/infocrep.cssdm.gouv.qc.ca\/creptransition\/qui-peut-faire-une-demande-de-service\/#primaryimage\",\"url\":\"https:\/\/infocrep.cssdm.gouv.qc.ca\/creptransition\/wp-content\/uploads\/sites\/10\/2023\/02\/soutien-FGA.png\",\"contentUrl\":\"https:\/\/infocrep.cssdm.gouv.qc.ca\/creptransition\/wp-content\/uploads\/sites\/10\/2023\/02\/soutien-FGA.png\",\"width\":1920,\"height\":1080},{\"@type\":\"BreadcrumbList\",\"@id\":\"https:\/\/infocrep.cssdm.gouv.qc.ca\/creptransition\/qui-peut-faire-une-demande-de-service\/#breadcrumb\",\"itemListElement\":[{\"@type\":\"ListItem\",\"position\":1,\"name\":\"Accueil\",\"item\":\"https:\/\/infocrep.cssdm.gouv.qc.ca\/creptransition\/\"},{\"@type\":\"ListItem\",\"position\":2,\"name\":\"Qui peut faire une demande de service\"}]},{\"@type\":\"WebSite\",\"@id\":\"https:\/\/infocrep.cssdm.gouv.qc.ca\/creptransition\/#website\",\"url\":\"https:\/\/infocrep.cssdm.gouv.qc.ca\/creptransition\/\",\"name\":\"CREP Transition\",\"description\":\"Un service personnalis\u00e9 vers ta r\u00e9ussite !\",\"potentialAction\":[{\"@type\":\"SearchAction\",\"target\":{\"@type\":\"EntryPoint\",\"urlTemplate\":\"https:\/\/infocrep.cssdm.gouv.qc.ca\/creptransition\/?s={search_term_string}\"},\"query-input\":{\"@type\":\"PropertyValueSpecification\",\"valueRequired\":true,\"valueName\":\"search_term_string\"}}],\"inLanguage\":\"fr-FR\"}]}<\/script>","yoast_head_json":{"title":"Qui peut faire une demande de service - CREP Transition","robots":{"index":"index","follow":"follow","max-snippet":"max-snippet:-1","max-image-preview":"max-image-preview:large","max-video-preview":"max-video-preview:-1"},"canonical":"https:\/\/infocrep.cssdm.gouv.qc.ca\/creptransition\/qui-peut-faire-une-demande-de-service\/","og_locale":"fr_FR","og_type":"article","og_title":"Qui peut faire une demande de service - CREP Transition","og_description":"Tout adulte de 16 ans et plus qui a un projet d\u2019\u00e9tudes et qui souhaite un accompagnement dans sa transition pour r\u00e9ussir son cheminement scolaire : Que l\u2019adulte souhaite entamer&hellip; Lire la suite","og_url":"https:\/\/infocrep.cssdm.gouv.qc.ca\/creptransition\/qui-peut-faire-une-demande-de-service\/","og_site_name":"CREP Transition","article_modified_time":"2025-03-27T19:34:41+00:00","og_image":[{"width":1024,"height":576,"url":"https:\/\/infocrep.cssdm.gouv.qc.ca\/creptransition\/wp-content\/uploads\/sites\/10\/2023\/02\/soutien-FGA-1024x576.png","type":"image\/png"}],"twitter_card":"summary_large_image","twitter_misc":{"Dur\u00e9e de lecture estim\u00e9e":"1 minute"},"schema":{"@context":"https:\/\/schema.org","@graph":[{"@type":"WebPage","@id":"https:\/\/infocrep.cssdm.gouv.qc.ca\/creptransition\/qui-peut-faire-une-demande-de-service\/","url":"https:\/\/infocrep.cssdm.gouv.qc.ca\/creptransition\/qui-peut-faire-une-demande-de-service\/","name":"Qui peut faire une demande de service - CREP Transition","isPartOf":{"@id":"https:\/\/infocrep.cssdm.gouv.qc.ca\/creptransition\/#website"},"primaryImageOfPage":{"@id":"https:\/\/infocrep.cssdm.gouv.qc.ca\/creptransition\/qui-peut-faire-une-demande-de-service\/#primaryimage"},"image":{"@id":"https:\/\/infocrep.cssdm.gouv.qc.ca\/creptransition\/qui-peut-faire-une-demande-de-service\/#primaryimage"},"thumbnailUrl":"https:\/\/infocrep.cssdm.gouv.qc.ca\/creptransition\/wp-content\/uploads\/sites\/10\/2023\/02\/soutien-FGA.png","datePublished":"2023-01-17T03:24:20+00:00","dateModified":"2025-03-27T19:34:41+00:00","breadcrumb":{"@id":"https:\/\/infocrep.cssdm.gouv.qc.ca\/creptransition\/qui-peut-faire-une-demande-de-service\/#breadcrumb"},"inLanguage":"fr-FR","potentialAction":[{"@type":"ReadAction","target":["https:\/\/infocrep.cssdm.gouv.qc.ca\/creptransition\/qui-peut-faire-une-demande-de-service\/"]}]},{"@type":"ImageObject","inLanguage":"fr-FR","@id":"https:\/\/infocrep.cssdm.gouv.qc.ca\/creptransition\/qui-peut-faire-une-demande-de-service\/#primaryimage","url":"https:\/\/infocrep.cssdm.gouv.qc.ca\/creptransition\/wp-content\/uploads\/sites\/10\/2023\/02\/soutien-FGA.png","contentUrl":"https:\/\/infocrep.cssdm.gouv.qc.ca\/creptransition\/wp-content\/uploads\/sites\/10\/2023\/02\/soutien-FGA.png","width":1920,"height":1080},{"@type":"BreadcrumbList","@id":"https:\/\/infocrep.cssdm.gouv.qc.ca\/creptransition\/qui-peut-faire-une-demande-de-service\/#breadcrumb","itemListElement":[{"@type":"ListItem","position":1,"name":"Accueil","item":"https:\/\/infocrep.cssdm.gouv.qc.ca\/creptransition\/"},{"@type":"ListItem","position":2,"name":"Qui peut faire une demande de service"}]},{"@type":"WebSite","@id":"https:\/\/infocrep.cssdm.gouv.qc.ca\/creptransition\/#website","url":"https:\/\/infocrep.cssdm.gouv.qc.ca\/creptransition\/","name":"CREP Transition","description":"Un service personnalis\u00e9 vers ta r\u00e9ussite !","potentialAction":[{"@type":"SearchAction","target":{"@type":"EntryPoint","urlTemplate":"https:\/\/infocrep.cssdm.gouv.qc.ca\/creptransition\/?s={search_term_string}"},"query-input":{"@type":"PropertyValueSpecification","valueRequired":true,"valueName":"search_term_string"}}],"inLanguage":"fr-FR"}]}},"_links":{"self":[{"href":"https:\/\/infocrep.cssdm.gouv.qc.ca\/creptransition\/wp-json\/wp\/v2\/pages\/489","targetHints":{"allow":["GET"]}}],"collection":[{"href":"https:\/\/infocrep.cssdm.gouv.qc.ca\/creptransition\/wp-json\/wp\/v2\/pages"}],"about":[{"href":"https:\/\/infocrep.cssdm.gouv.qc.ca\/creptransition\/wp-json\/wp\/v2\/types\/page"}],"author":[{"embeddable":true,"href":"https:\/\/infocrep.cssdm.gouv.qc.ca\/creptransition\/wp-json\/wp\/v2\/users\/2"}],"replies":[{"embeddable":true,"href":"https:\/\/infocrep.cssdm.gouv.qc.ca\/creptransition\/wp-json\/wp\/v2\/comments?post=489"}],"version-history":[{"count":12,"href":"https:\/\/infocrep.cssdm.gouv.qc.ca\/creptransition\/wp-json\/wp\/v2\/pages\/489\/revisions"}],"predecessor-version":[{"id":1007,"href":"https:\/\/infocrep.cssdm.gouv.qc.ca\/creptransition\/wp-json\/wp\/v2\/pages\/489\/revisions\/1007"}],"wp:attachment":[{"href":"https:\/\/infocrep.cssdm.gouv.qc.ca\/creptransition\/wp-json\/wp\/v2\/media?parent=489"}],"curies":[{"name":"wp","href":"https:\/\/api.w.org\/{rel}","templated":true}]}}