{"id":466,"date":"2023-01-17T03:47:51","date_gmt":"2023-01-17T02:47:51","guid":{"rendered":"https:\/\/infocrep.cssdm.gouv.qc.ca\/creptransition\/?page_id=466"},"modified":"2025-03-27T15:34:51","modified_gmt":"2025-03-27T19:34:51","slug":"chaque-parcours-est-unique-et-chaque-accompagnement-lest-aussi-deja-utilise","status":"publish","type":"page","link":"https:\/\/infocrep.cssdm.gouv.qc.ca\/creptransition\/chaque-parcours-est-unique-et-chaque-accompagnement-lest-aussi-deja-utilise\/","title":{"rendered":"Toute une \u00e9quipe pr\u00e9sente pour toi!"},"content":{"rendered":"<p>Le service de <em>Soutien \u00e0 la transition <\/em>du CREP s\u2019inscrit dans la d\u00e9marche du programme <em>Engagement vers la r\u00e9ussite <\/em>du minist\u00e8re de l&rsquo;\u00c9ducation (ce programme rentrera en vigueur en septembre 2023)<em>.<\/em>Voici les services qui seront disponibles pour toi tout au long de ta transition.<\/p>\n<p>&nbsp;<\/p>\n<h3><span style=\"color: #333333;\"><strong>Enseignant(e) orthop\u00e9dagogue<\/strong><\/span><\/h3>\n<p>L\u2019enseignant(e) t\u2019offre un accompagnement personnalis\u00e9 pour t\u2019adapter dans ta transition scolaire. \u00c0 travers cet accompagnement, tu seras amen\u00e9 \u00e0 :<\/p>\n<ul>\n<li>Te questionner sur tes attentes, tes limites, tes forces, tes objectifs, tes besoins afin que tu puisses d\u00e9terminer des strat\u00e9gies et des moyens concrets pour r\u00e9ussir ton parcours scolaire. Ces strat\u00e9gies et moyens seront d\u00e9taill\u00e9s dans un plan d&rsquo;action que tu \u00e9laboreras avec ton enseignant(e);<\/li>\n<li>d\u00e9couvrir les meilleurs moyens pour toi pour apprendre \u00e0 apprendre;<\/li>\n<li>prendre en charge tes apprentissages pour \u00eatre \u00e0 l\u2019aise dans ton r\u00f4le d\u2019\u00e9tudiant.<\/li>\n<\/ul>\n<p><img loading=\"lazy\" decoding=\"async\" class=\"wp-image-838 alignleft\" src=\"https:\/\/infocrep.cssdm.gouv.qc.ca\/creptransition\/wp-content\/uploads\/sites\/10\/2023\/02\/brooke-cagle-g1Kr4Ozfoac-unsplash-1-1024x683.jpg\" alt=\"R\u00e9ussite scolaire, outils \u00e0 la r\u00e9ussite, difficult\u00e9s d'apprentissage\" width=\"624\" height=\"416\" srcset=\"https:\/\/infocrep.cssdm.gouv.qc.ca\/creptransition\/wp-content\/uploads\/sites\/10\/2023\/02\/brooke-cagle-g1Kr4Ozfoac-unsplash-1-1024x683.jpg 1024w, https:\/\/infocrep.cssdm.gouv.qc.ca\/creptransition\/wp-content\/uploads\/sites\/10\/2023\/02\/brooke-cagle-g1Kr4Ozfoac-unsplash-1-300x200.jpg 300w, https:\/\/infocrep.cssdm.gouv.qc.ca\/creptransition\/wp-content\/uploads\/sites\/10\/2023\/02\/brooke-cagle-g1Kr4Ozfoac-unsplash-1-768x512.jpg 768w, https:\/\/infocrep.cssdm.gouv.qc.ca\/creptransition\/wp-content\/uploads\/sites\/10\/2023\/02\/brooke-cagle-g1Kr4Ozfoac-unsplash-1-1536x1024.jpg 1536w, https:\/\/infocrep.cssdm.gouv.qc.ca\/creptransition\/wp-content\/uploads\/sites\/10\/2023\/02\/brooke-cagle-g1Kr4Ozfoac-unsplash-1-2048x1365.jpg 2048w, https:\/\/infocrep.cssdm.gouv.qc.ca\/creptransition\/wp-content\/uploads\/sites\/10\/2023\/02\/brooke-cagle-g1Kr4Ozfoac-unsplash-1-1620x1080.jpg 1620w\" sizes=\"auto, (max-width: 624px) 100vw, 624px\" \/><\/p>\n<p><span style=\"background-color: transparent;\">Notre enseignant(e) t&rsquo;accompagnera \u00e0 acqu\u00e9rir les savoirs essentiels du programme d\u2019<\/span><em style=\"background-color: transparent;\">Engagement vers la r\u00e9ussite<\/em><span style=\"background-color: transparent;\"> qui sont en lien avec ta transition scolaire. Selon tes objectifs et ton cheminement, elle pourra \u00e9valuer tes acquis et tu auras ainsi la possibilit\u00e9 de cumuler de une \u00e0 cinq unit\u00e9s de cinqui\u00e8me secondaire. L\u2019enseignant(e) te r\u00e9f\u00e9rera \u00e0 diff\u00e9rentes ressources professionnelles selon tes d\u00e9fis, tes questionnements et tes objectifs, telles que : psycho\u00e9ducatrice, conseill\u00e8re en formation scolaire ainsi qu\u2019aux services du SARCA.<\/span><\/p>\n<p><strong>Pr\u00e9sentation du service de <em>Soutien \u00e0 la transition <\/em>aux \u00e9l\u00e8ves<\/strong><\/p>\n<p>L\u2019enseignant(e) r\u00e9pond \u00e9galement aux demandes de pr\u00e9sentation du service dans les milieux pour les groupes d\u2019\u00e9l\u00e8ves ou d\u2019adultes susceptibles de b\u00e9n\u00e9ficier de notre service. Cette pr\u00e9sentation prend la forme d&rsquo;un atelier qui permettra d&rsquo;\u00e9changer avec les \u00e9l\u00e8ves et de r\u00e9pondre \u00e0 leurs questions.<\/p>\n<p>&nbsp;<\/p>\n<h3><\/h3>\n<h3><\/h3>\n<h3><\/h3>\n<p>&nbsp;<\/p>\n<h3><strong>Psycho\u00e9ducatrice<\/strong><\/h3>\n<p>Afin de t\u2019offrir un soutien qui correspond \u00e0 ta r\u00e9alit\u00e9 et tes enjeux, notre psycho\u00e9ducatrice pourra te rencontrer au besoin afin de d\u00e9terminer un plan d\u2019action psycho\u00e9ducatif. L\u2019objectif sera de d\u00e9terminer des strat\u00e9gies pour pallier tes difficult\u00e9s d\u2019adaptation \u00e0 travers ta transition.<\/p>\n<p>La psycho\u00e9ducatrice collabore \u00e9galement \u00e0 la coordination du service de <em>Soutien \u00e0 la transition.<\/em> Elle assure une r\u00e9ponse aux demandes de service et offre un r\u00f4le-conseil aux enseignants, intervenants ou professionnels en ce qui a trait au service de <em>Soutien \u00e0 la transition.<\/em><\/p>\n<p><strong>Pr\u00e9sentation du service de <em>Soutien \u00e0 la transition <\/em>aux \u00e9quipes-\u00e9coles et \u00e9quipes-organismes<\/strong><\/p>\n<p>Notre psycho\u00e9ducatrice r\u00e9pond aussi aux demandes de pr\u00e9sentation du service de Soutien \u00e0 la transition dans les milieux pour les \u00e9quipes-\u00e9coles ou les \u00e9quipes-organismes.<\/p>\n<p>&nbsp;<\/p>\n<h3><strong>Conseill\u00e8re en formation scolaire (CFS)<\/strong><\/h3>\n<p>La conseill\u00e8re en formation scolaire te transmettra de l\u2019information scolaire pour clarifier ton projet d\u2019\u00e9tudes au besoin. Elle analysera ton dossier et tes acquis scolaires afin de v\u00e9rifier les pr\u00e9alables qui pourraient te manquer pour r\u00e9aliser ton projet d\u2019\u00e9tudes. Elle sera \u00e9galement disponible pour t\u2019accompagner \u00e0 l&rsquo;inscription dans un programme d\u2019\u00e9tudes au besoin. Si tu souhaites faire un test de d\u00e9veloppement g\u00e9n\u00e9ral (TDG), il sera possible de le faire directement dans les bureaux du CREP avec elle. Notre conseill\u00e8re en formation scolaire te r\u00e9f\u00e9rera aux services des SARCA selon tes besoins.<\/p>\n<p>&nbsp;<\/p>\n<p>&nbsp;<\/p>\n<h2><img loading=\"lazy\" decoding=\"async\" class=\"alignleft wp-image-841\" src=\"https:\/\/infocrep.cssdm.gouv.qc.ca\/creptransition\/wp-content\/uploads\/sites\/10\/2023\/02\/christina-wocintechchat-com-7RRj4wDX7LE-unsplash-1-721x1080.jpg\" alt=\"aide \u00e0 la motivation, aide \u00e0 la r\u00e9ussite, difficult\u00e9s d'apprentissage\" width=\"454\" height=\"680\" srcset=\"https:\/\/infocrep.cssdm.gouv.qc.ca\/creptransition\/wp-content\/uploads\/sites\/10\/2023\/02\/christina-wocintechchat-com-7RRj4wDX7LE-unsplash-1-721x1080.jpg 721w, https:\/\/infocrep.cssdm.gouv.qc.ca\/creptransition\/wp-content\/uploads\/sites\/10\/2023\/02\/christina-wocintechchat-com-7RRj4wDX7LE-unsplash-1-200x300.jpg 200w, https:\/\/infocrep.cssdm.gouv.qc.ca\/creptransition\/wp-content\/uploads\/sites\/10\/2023\/02\/christina-wocintechchat-com-7RRj4wDX7LE-unsplash-1-684x1024.jpg 684w, https:\/\/infocrep.cssdm.gouv.qc.ca\/creptransition\/wp-content\/uploads\/sites\/10\/2023\/02\/christina-wocintechchat-com-7RRj4wDX7LE-unsplash-1-768x1150.jpg 768w, https:\/\/infocrep.cssdm.gouv.qc.ca\/creptransition\/wp-content\/uploads\/sites\/10\/2023\/02\/christina-wocintechchat-com-7RRj4wDX7LE-unsplash-1-1025x1536.jpg 1025w, https:\/\/infocrep.cssdm.gouv.qc.ca\/creptransition\/wp-content\/uploads\/sites\/10\/2023\/02\/christina-wocintechchat-com-7RRj4wDX7LE-unsplash-1-1367x2048.jpg 1367w, https:\/\/infocrep.cssdm.gouv.qc.ca\/creptransition\/wp-content\/uploads\/sites\/10\/2023\/02\/christina-wocintechchat-com-7RRj4wDX7LE-unsplash-1-1024x1534.jpg 1024w, https:\/\/infocrep.cssdm.gouv.qc.ca\/creptransition\/wp-content\/uploads\/sites\/10\/2023\/02\/christina-wocintechchat-com-7RRj4wDX7LE-unsplash-1-scaled.jpg 1709w\" sizes=\"auto, (max-width: 454px) 100vw, 454px\" \/><strong>Les services du SARCA<\/strong><\/h2>\n<p>Les SARCA sont les Services d\u2019accueil, de r\u00e9f\u00e9rence, de conseil et d\u2019accompagnement du Centre de services scolaire de Montr\u00e9al. Leurs services visent \u00e0 soutenir les personnes de 16 ans ou plus dans la r\u00e9alisation d\u2019un projet professionnel ou de formation.<\/p>\n<p>&nbsp;<\/p>\n<h3><strong>Conseiller d\u2019orientation (CO)<\/strong><\/h3>\n<p>Si ton projet de formation n\u2019est pas clair et qu\u2019il te manque beaucoup d\u2019\u00e9l\u00e9ments afin de faire ton choix, il sera possible d\u2019obtenir un accompagnement d\u2019un conseiller d\u2019orientation des SARCA. Une d\u00e9marche d\u2019orientation avec un conseiller d&rsquo;orientation te permettra de d\u00e9velopper une meilleure connaissance de toi, de ton potentiel, de tes capacit\u00e9s et aspirations pour \u00eatre en mesure de d\u00e9finir ton projet scolaire.<\/p>\n<p>&nbsp;<\/p>\n<h3><strong>La reconnaissance des acquis personnels et professionnels (RAC)<\/strong><\/h3>\n<p>Tu pourras au besoin entamer une d\u00e9marche de reconnaissance de ton exp\u00e9rience personnelle et professionnelle en lien avec ton parcours scolaire. Au terme de cette d\u00e9marche, les r\u00e9sultats seront inscrits dans un document officiel (bulletin, attestation, relev\u00e9 de notes, dipl\u00f4me, etc.).<\/p>\n<h4 style=\"padding-left: 40px; text-align: center;\"><span style=\"color: #42baeb;\"><strong><a style=\"color: #42baeb;\" href=\"https:\/\/www.cssdm.gouv.qc.ca\/formation-adultes\/services-accueil-reference-conseil-accompagnement\/\" target=\"_blank\" rel=\"noopener\">Pour obtenir plus d\u2019information concernant les services du SARCA cliquez ici.<\/a>\u00a0<\/strong><\/span><\/h4>\n","protected":false},"excerpt":{"rendered":"<p>Le service de Soutien \u00e0 la transition du CREP s\u2019inscrit dans la d\u00e9marche du programme Engagement vers la r\u00e9ussite du minist\u00e8re de l&rsquo;\u00c9ducation (ce programme rentrera en vigueur en septembre&hellip; <br \/> <a class=\"read-more\" href=\"https:\/\/infocrep.cssdm.gouv.qc.ca\/creptransition\/chaque-parcours-est-unique-et-chaque-accompagnement-lest-aussi-deja-utilise\/\">Lire la suite<\/a><\/p>\n","protected":false},"author":2,"featured_media":0,"parent":0,"menu_order":0,"comment_status":"closed","ping_status":"closed","template":"page-templates\/page-with-right-sidebar.php","meta":{"footnotes":""},"class_list":["post-466","page","type-page","status-publish","hentry"],"yoast_head":"<title>Toute une \u00e9quipe pr\u00e9sente pour toi! - CREP Transition<\/title>\r\n<meta name=\"robots\" content=\"index, follow, max-snippet:-1, max-image-preview:large, max-video-preview:-1\" \/>\r\n<link rel=\"canonical\" href=\"https:\/\/infocrep.cssdm.gouv.qc.ca\/creptransition\/chaque-parcours-est-unique-et-chaque-accompagnement-lest-aussi-deja-utilise\/\" \/>\r\n<meta property=\"og:locale\" content=\"fr_FR\" \/>\r\n<meta property=\"og:type\" content=\"article\" \/>\r\n<meta property=\"og:title\" content=\"Toute une \u00e9quipe pr\u00e9sente pour toi! - CREP Transition\" \/>\r\n<meta property=\"og:description\" content=\"Le service de Soutien \u00e0 la transition du CREP s\u2019inscrit dans la d\u00e9marche du programme Engagement vers la r\u00e9ussite du minist\u00e8re de l&rsquo;\u00c9ducation (ce programme rentrera en vigueur en septembre&hellip; Lire la suite\" \/>\r\n<meta property=\"og:url\" content=\"https:\/\/infocrep.cssdm.gouv.qc.ca\/creptransition\/chaque-parcours-est-unique-et-chaque-accompagnement-lest-aussi-deja-utilise\/\" \/>\r\n<meta property=\"og:site_name\" content=\"CREP Transition\" \/>\r\n<meta property=\"article:modified_time\" content=\"2025-03-27T19:34:51+00:00\" \/>\r\n<meta property=\"og:image\" content=\"https:\/\/infocrep.cssdm.gouv.qc.ca\/creptransition\/wp-content\/uploads\/sites\/10\/2023\/02\/brooke-cagle-g1Kr4Ozfoac-unsplash-1-scaled.jpg\" \/>\r\n\t<meta property=\"og:image:width\" content=\"2560\" \/>\r\n\t<meta property=\"og:image:height\" content=\"1707\" \/>\r\n\t<meta property=\"og:image:type\" content=\"image\/jpeg\" \/>\r\n<meta name=\"twitter:card\" content=\"summary_large_image\" \/>\r\n<meta name=\"twitter:label1\" content=\"Dur\u00e9e de lecture estim\u00e9e\" \/>\n\t<meta name=\"twitter:data1\" content=\"4 minutes\" \/>\r\n<script type=\"application\/ld+json\" class=\"yoast-schema-graph\">{\"@context\":\"https:\/\/schema.org\",\"@graph\":[{\"@type\":\"WebPage\",\"@id\":\"https:\/\/infocrep.cssdm.gouv.qc.ca\/creptransition\/chaque-parcours-est-unique-et-chaque-accompagnement-lest-aussi-deja-utilise\/\",\"url\":\"https:\/\/infocrep.cssdm.gouv.qc.ca\/creptransition\/chaque-parcours-est-unique-et-chaque-accompagnement-lest-aussi-deja-utilise\/\",\"name\":\"Toute une \u00e9quipe pr\u00e9sente pour toi! - CREP Transition\",\"isPartOf\":{\"@id\":\"https:\/\/infocrep.cssdm.gouv.qc.ca\/creptransition\/#website\"},\"primaryImageOfPage\":{\"@id\":\"https:\/\/infocrep.cssdm.gouv.qc.ca\/creptransition\/chaque-parcours-est-unique-et-chaque-accompagnement-lest-aussi-deja-utilise\/#primaryimage\"},\"image\":{\"@id\":\"https:\/\/infocrep.cssdm.gouv.qc.ca\/creptransition\/chaque-parcours-est-unique-et-chaque-accompagnement-lest-aussi-deja-utilise\/#primaryimage\"},\"thumbnailUrl\":\"https:\/\/infocrep.cssdm.gouv.qc.ca\/creptransition\/wp-content\/uploads\/sites\/10\/2023\/02\/brooke-cagle-g1Kr4Ozfoac-unsplash-1-1024x683.jpg\",\"datePublished\":\"2023-01-17T02:47:51+00:00\",\"dateModified\":\"2025-03-27T19:34:51+00:00\",\"breadcrumb\":{\"@id\":\"https:\/\/infocrep.cssdm.gouv.qc.ca\/creptransition\/chaque-parcours-est-unique-et-chaque-accompagnement-lest-aussi-deja-utilise\/#breadcrumb\"},\"inLanguage\":\"fr-FR\",\"potentialAction\":[{\"@type\":\"ReadAction\",\"target\":[\"https:\/\/infocrep.cssdm.gouv.qc.ca\/creptransition\/chaque-parcours-est-unique-et-chaque-accompagnement-lest-aussi-deja-utilise\/\"]}]},{\"@type\":\"ImageObject\",\"inLanguage\":\"fr-FR\",\"@id\":\"https:\/\/infocrep.cssdm.gouv.qc.ca\/creptransition\/chaque-parcours-est-unique-et-chaque-accompagnement-lest-aussi-deja-utilise\/#primaryimage\",\"url\":\"https:\/\/infocrep.cssdm.gouv.qc.ca\/creptransition\/wp-content\/uploads\/sites\/10\/2023\/02\/brooke-cagle-g1Kr4Ozfoac-unsplash-1-1024x683.jpg\",\"contentUrl\":\"https:\/\/infocrep.cssdm.gouv.qc.ca\/creptransition\/wp-content\/uploads\/sites\/10\/2023\/02\/brooke-cagle-g1Kr4Ozfoac-unsplash-1-1024x683.jpg\"},{\"@type\":\"BreadcrumbList\",\"@id\":\"https:\/\/infocrep.cssdm.gouv.qc.ca\/creptransition\/chaque-parcours-est-unique-et-chaque-accompagnement-lest-aussi-deja-utilise\/#breadcrumb\",\"itemListElement\":[{\"@type\":\"ListItem\",\"position\":1,\"name\":\"Accueil\",\"item\":\"https:\/\/infocrep.cssdm.gouv.qc.ca\/creptransition\/\"},{\"@type\":\"ListItem\",\"position\":2,\"name\":\"Toute une \u00e9quipe pr\u00e9sente pour toi!\"}]},{\"@type\":\"WebSite\",\"@id\":\"https:\/\/infocrep.cssdm.gouv.qc.ca\/creptransition\/#website\",\"url\":\"https:\/\/infocrep.cssdm.gouv.qc.ca\/creptransition\/\",\"name\":\"CREP Transition\",\"description\":\"Un service personnalis\u00e9 vers ta r\u00e9ussite !\",\"potentialAction\":[{\"@type\":\"SearchAction\",\"target\":{\"@type\":\"EntryPoint\",\"urlTemplate\":\"https:\/\/infocrep.cssdm.gouv.qc.ca\/creptransition\/?s={search_term_string}\"},\"query-input\":{\"@type\":\"PropertyValueSpecification\",\"valueRequired\":true,\"valueName\":\"search_term_string\"}}],\"inLanguage\":\"fr-FR\"}]}<\/script>","yoast_head_json":{"title":"Toute une \u00e9quipe pr\u00e9sente pour toi! - CREP Transition","robots":{"index":"index","follow":"follow","max-snippet":"max-snippet:-1","max-image-preview":"max-image-preview:large","max-video-preview":"max-video-preview:-1"},"canonical":"https:\/\/infocrep.cssdm.gouv.qc.ca\/creptransition\/chaque-parcours-est-unique-et-chaque-accompagnement-lest-aussi-deja-utilise\/","og_locale":"fr_FR","og_type":"article","og_title":"Toute une \u00e9quipe pr\u00e9sente pour toi! - CREP Transition","og_description":"Le service de Soutien \u00e0 la transition du CREP s\u2019inscrit dans la d\u00e9marche du programme Engagement vers la r\u00e9ussite du minist\u00e8re de l&rsquo;\u00c9ducation (ce programme rentrera en vigueur en septembre&hellip; Lire la suite","og_url":"https:\/\/infocrep.cssdm.gouv.qc.ca\/creptransition\/chaque-parcours-est-unique-et-chaque-accompagnement-lest-aussi-deja-utilise\/","og_site_name":"CREP Transition","article_modified_time":"2025-03-27T19:34:51+00:00","og_image":[{"width":2560,"height":1707,"url":"https:\/\/infocrep.cssdm.gouv.qc.ca\/creptransition\/wp-content\/uploads\/sites\/10\/2023\/02\/brooke-cagle-g1Kr4Ozfoac-unsplash-1-scaled.jpg","type":"image\/jpeg"}],"twitter_card":"summary_large_image","twitter_misc":{"Dur\u00e9e de lecture estim\u00e9e":"4 minutes"},"schema":{"@context":"https:\/\/schema.org","@graph":[{"@type":"WebPage","@id":"https:\/\/infocrep.cssdm.gouv.qc.ca\/creptransition\/chaque-parcours-est-unique-et-chaque-accompagnement-lest-aussi-deja-utilise\/","url":"https:\/\/infocrep.cssdm.gouv.qc.ca\/creptransition\/chaque-parcours-est-unique-et-chaque-accompagnement-lest-aussi-deja-utilise\/","name":"Toute une \u00e9quipe pr\u00e9sente pour toi! - CREP Transition","isPartOf":{"@id":"https:\/\/infocrep.cssdm.gouv.qc.ca\/creptransition\/#website"},"primaryImageOfPage":{"@id":"https:\/\/infocrep.cssdm.gouv.qc.ca\/creptransition\/chaque-parcours-est-unique-et-chaque-accompagnement-lest-aussi-deja-utilise\/#primaryimage"},"image":{"@id":"https:\/\/infocrep.cssdm.gouv.qc.ca\/creptransition\/chaque-parcours-est-unique-et-chaque-accompagnement-lest-aussi-deja-utilise\/#primaryimage"},"thumbnailUrl":"https:\/\/infocrep.cssdm.gouv.qc.ca\/creptransition\/wp-content\/uploads\/sites\/10\/2023\/02\/brooke-cagle-g1Kr4Ozfoac-unsplash-1-1024x683.jpg","datePublished":"2023-01-17T02:47:51+00:00","dateModified":"2025-03-27T19:34:51+00:00","breadcrumb":{"@id":"https:\/\/infocrep.cssdm.gouv.qc.ca\/creptransition\/chaque-parcours-est-unique-et-chaque-accompagnement-lest-aussi-deja-utilise\/#breadcrumb"},"inLanguage":"fr-FR","potentialAction":[{"@type":"ReadAction","target":["https:\/\/infocrep.cssdm.gouv.qc.ca\/creptransition\/chaque-parcours-est-unique-et-chaque-accompagnement-lest-aussi-deja-utilise\/"]}]},{"@type":"ImageObject","inLanguage":"fr-FR","@id":"https:\/\/infocrep.cssdm.gouv.qc.ca\/creptransition\/chaque-parcours-est-unique-et-chaque-accompagnement-lest-aussi-deja-utilise\/#primaryimage","url":"https:\/\/infocrep.cssdm.gouv.qc.ca\/creptransition\/wp-content\/uploads\/sites\/10\/2023\/02\/brooke-cagle-g1Kr4Ozfoac-unsplash-1-1024x683.jpg","contentUrl":"https:\/\/infocrep.cssdm.gouv.qc.ca\/creptransition\/wp-content\/uploads\/sites\/10\/2023\/02\/brooke-cagle-g1Kr4Ozfoac-unsplash-1-1024x683.jpg"},{"@type":"BreadcrumbList","@id":"https:\/\/infocrep.cssdm.gouv.qc.ca\/creptransition\/chaque-parcours-est-unique-et-chaque-accompagnement-lest-aussi-deja-utilise\/#breadcrumb","itemListElement":[{"@type":"ListItem","position":1,"name":"Accueil","item":"https:\/\/infocrep.cssdm.gouv.qc.ca\/creptransition\/"},{"@type":"ListItem","position":2,"name":"Toute une \u00e9quipe pr\u00e9sente pour toi!"}]},{"@type":"WebSite","@id":"https:\/\/infocrep.cssdm.gouv.qc.ca\/creptransition\/#website","url":"https:\/\/infocrep.cssdm.gouv.qc.ca\/creptransition\/","name":"CREP Transition","description":"Un service personnalis\u00e9 vers ta r\u00e9ussite !","potentialAction":[{"@type":"SearchAction","target":{"@type":"EntryPoint","urlTemplate":"https:\/\/infocrep.cssdm.gouv.qc.ca\/creptransition\/?s={search_term_string}"},"query-input":{"@type":"PropertyValueSpecification","valueRequired":true,"valueName":"search_term_string"}}],"inLanguage":"fr-FR"}]}},"_links":{"self":[{"href":"https:\/\/infocrep.cssdm.gouv.qc.ca\/creptransition\/wp-json\/wp\/v2\/pages\/466","targetHints":{"allow":["GET"]}}],"collection":[{"href":"https:\/\/infocrep.cssdm.gouv.qc.ca\/creptransition\/wp-json\/wp\/v2\/pages"}],"about":[{"href":"https:\/\/infocrep.cssdm.gouv.qc.ca\/creptransition\/wp-json\/wp\/v2\/types\/page"}],"author":[{"embeddable":true,"href":"https:\/\/infocrep.cssdm.gouv.qc.ca\/creptransition\/wp-json\/wp\/v2\/users\/2"}],"replies":[{"embeddable":true,"href":"https:\/\/infocrep.cssdm.gouv.qc.ca\/creptransition\/wp-json\/wp\/v2\/comments?post=466"}],"version-history":[{"count":41,"href":"https:\/\/infocrep.cssdm.gouv.qc.ca\/creptransition\/wp-json\/wp\/v2\/pages\/466\/revisions"}],"predecessor-version":[{"id":847,"href":"https:\/\/infocrep.cssdm.gouv.qc.ca\/creptransition\/wp-json\/wp\/v2\/pages\/466\/revisions\/847"}],"wp:attachment":[{"href":"https:\/\/infocrep.cssdm.gouv.qc.ca\/creptransition\/wp-json\/wp\/v2\/media?parent=466"}],"curies":[{"name":"wp","href":"https:\/\/api.w.org\/{rel}","templated":true}]}}