{"id":457,"date":"2023-01-17T03:33:37","date_gmt":"2023-01-17T02:33:37","guid":{"rendered":"https:\/\/infocrep.cssdm.gouv.qc.ca\/creptransition\/?page_id=457"},"modified":"2025-03-27T15:34:21","modified_gmt":"2025-03-27T19:34:21","slug":"modalites-et-frequence-des-rencontres","status":"publish","type":"page","link":"https:\/\/infocrep.cssdm.gouv.qc.ca\/creptransition\/modalites-et-frequence-des-rencontres\/","title":{"rendered":"Modalit\u00e9s et fr\u00e9quence des rencontres"},"content":{"rendered":"<p>L\u2019accompagnement s\u2019offre directement dans le milieu que tu fr\u00e9quentes (centre de formation g\u00e9n\u00e9rale des adultes (FGA), centre de formation professionnelle (FP), C\u00e9gep, Universit\u00e9, organisme, \u00e9cole de milieu, entreprise d\u2019insertion, formation \u00e0 distance assist\u00e9e (FADA)) ou en rencontre virtuelle selon ce qui te conviendra le mieux.<\/p>\n<p><img loading=\"lazy\" decoding=\"async\" class=\"wp-image-863 alignnone\" src=\"https:\/\/infocrep.cssdm.gouv.qc.ca\/creptransition\/wp-content\/uploads\/sites\/10\/2023\/02\/Soutien.png\" alt=\"\" width=\"592\" height=\"333\" srcset=\"https:\/\/infocrep.cssdm.gouv.qc.ca\/creptransition\/wp-content\/uploads\/sites\/10\/2023\/02\/Soutien.png 1920w, https:\/\/infocrep.cssdm.gouv.qc.ca\/creptransition\/wp-content\/uploads\/sites\/10\/2023\/02\/Soutien-300x169.png 300w, https:\/\/infocrep.cssdm.gouv.qc.ca\/creptransition\/wp-content\/uploads\/sites\/10\/2023\/02\/Soutien-1024x576.png 1024w, https:\/\/infocrep.cssdm.gouv.qc.ca\/creptransition\/wp-content\/uploads\/sites\/10\/2023\/02\/Soutien-768x432.png 768w, https:\/\/infocrep.cssdm.gouv.qc.ca\/creptransition\/wp-content\/uploads\/sites\/10\/2023\/02\/Soutien-1536x864.png 1536w\" sizes=\"auto, (max-width: 592px) 100vw, 592px\" \/><\/p>\n<p>Des rencontres avec l\u2019\u00e9quipe de professionnels dans les bureaux du CREP sont \u00e9galement possibles. La fr\u00e9quence des rencontres est d\u00e9termin\u00e9e selon tes besoins \u00e0 chaque \u00e9tape de ta transition scolaire.<\/p>\n<h3><\/h3>\n<p>&nbsp;<\/p>\n<h3>Dur\u00e9e de l\u2019accompagnement<\/h3>\n<p>La dur\u00e9e est variable et d\u00e9termin\u00e9e selon tes objectifs et tes besoins. Le suivi se fera tout au long de ta transition scolaire.<\/p>\n<p>&nbsp;<\/p>\n<p><img loading=\"lazy\" decoding=\"async\" class=\"alignnone size-full wp-image-696\" src=\"https:\/\/infocrep.cssdm.gouv.qc.ca\/creptransition\/wp-content\/uploads\/sites\/10\/2023\/01\/Transition_LigneDuTemps_Eleve-1.png\" alt=\"\" width=\"3500\" height=\"1400\" srcset=\"https:\/\/infocrep.cssdm.gouv.qc.ca\/creptransition\/wp-content\/uploads\/sites\/10\/2023\/01\/Transition_LigneDuTemps_Eleve-1.png 3500w, https:\/\/infocrep.cssdm.gouv.qc.ca\/creptransition\/wp-content\/uploads\/sites\/10\/2023\/01\/Transition_LigneDuTemps_Eleve-1-300x120.png 300w, https:\/\/infocrep.cssdm.gouv.qc.ca\/creptransition\/wp-content\/uploads\/sites\/10\/2023\/01\/Transition_LigneDuTemps_Eleve-1-1024x410.png 1024w, https:\/\/infocrep.cssdm.gouv.qc.ca\/creptransition\/wp-content\/uploads\/sites\/10\/2023\/01\/Transition_LigneDuTemps_Eleve-1-768x307.png 768w, https:\/\/infocrep.cssdm.gouv.qc.ca\/creptransition\/wp-content\/uploads\/sites\/10\/2023\/01\/Transition_LigneDuTemps_Eleve-1-1536x614.png 1536w, https:\/\/infocrep.cssdm.gouv.qc.ca\/creptransition\/wp-content\/uploads\/sites\/10\/2023\/01\/Transition_LigneDuTemps_Eleve-1-2048x819.png 2048w, https:\/\/infocrep.cssdm.gouv.qc.ca\/creptransition\/wp-content\/uploads\/sites\/10\/2023\/01\/Transition_LigneDuTemps_Eleve-1-1920x768.png 1920w\" sizes=\"auto, (max-width: 3500px) 100vw, 3500px\" \/><\/p>\n<p>&nbsp;<\/p>\n","protected":false},"excerpt":{"rendered":"<p>L\u2019accompagnement s\u2019offre directement dans le milieu que tu fr\u00e9quentes (centre de formation g\u00e9n\u00e9rale des adultes (FGA), centre de formation professionnelle (FP), C\u00e9gep, Universit\u00e9, organisme, \u00e9cole de milieu, entreprise d\u2019insertion, formation&hellip; <br \/> <a class=\"read-more\" href=\"https:\/\/infocrep.cssdm.gouv.qc.ca\/creptransition\/modalites-et-frequence-des-rencontres\/\">Lire la suite<\/a><\/p>\n","protected":false},"author":2,"featured_media":0,"parent":0,"menu_order":0,"comment_status":"closed","ping_status":"closed","template":"page-templates\/page-with-left-sidebar.php","meta":{"footnotes":""},"class_list":["post-457","page","type-page","status-publish","hentry"],"yoast_head":"<title>Modalit\u00e9s et fr\u00e9quence des rencontres - CREP Transition<\/title>\r\n<meta name=\"robots\" content=\"index, follow, max-snippet:-1, max-image-preview:large, max-video-preview:-1\" \/>\r\n<link rel=\"canonical\" href=\"https:\/\/infocrep.cssdm.gouv.qc.ca\/creptransition\/modalites-et-frequence-des-rencontres\/\" \/>\r\n<meta property=\"og:locale\" content=\"fr_FR\" \/>\r\n<meta property=\"og:type\" content=\"article\" \/>\r\n<meta property=\"og:title\" content=\"Modalit\u00e9s et fr\u00e9quence des rencontres - CREP Transition\" \/>\r\n<meta property=\"og:description\" content=\"L\u2019accompagnement s\u2019offre directement dans le milieu que tu fr\u00e9quentes (centre de formation g\u00e9n\u00e9rale des adultes (FGA), centre de formation professionnelle (FP), C\u00e9gep, Universit\u00e9, organisme, \u00e9cole de milieu, entreprise d\u2019insertion, formation&hellip; Lire la suite\" \/>\r\n<meta property=\"og:url\" content=\"https:\/\/infocrep.cssdm.gouv.qc.ca\/creptransition\/modalites-et-frequence-des-rencontres\/\" \/>\r\n<meta property=\"og:site_name\" content=\"CREP Transition\" \/>\r\n<meta property=\"article:modified_time\" content=\"2025-03-27T19:34:21+00:00\" \/>\r\n<meta property=\"og:image\" content=\"https:\/\/infocrep.cssdm.gouv.qc.ca\/creptransition\/wp-content\/uploads\/sites\/10\/2023\/02\/Soutien-1024x576.png\" \/>\r\n\t<meta property=\"og:image:width\" content=\"1024\" \/>\r\n\t<meta property=\"og:image:height\" content=\"576\" \/>\r\n\t<meta property=\"og:image:type\" content=\"image\/png\" \/>\r\n<meta name=\"twitter:card\" content=\"summary_large_image\" \/>\r\n<meta name=\"twitter:label1\" content=\"Dur\u00e9e de lecture estim\u00e9e\" \/>\n\t<meta name=\"twitter:data1\" content=\"1 minute\" \/>\r\n<script type=\"application\/ld+json\" class=\"yoast-schema-graph\">{\"@context\":\"https:\/\/schema.org\",\"@graph\":[{\"@type\":\"WebPage\",\"@id\":\"https:\/\/infocrep.cssdm.gouv.qc.ca\/creptransition\/modalites-et-frequence-des-rencontres\/\",\"url\":\"https:\/\/infocrep.cssdm.gouv.qc.ca\/creptransition\/modalites-et-frequence-des-rencontres\/\",\"name\":\"Modalit\u00e9s et fr\u00e9quence des rencontres - CREP Transition\",\"isPartOf\":{\"@id\":\"https:\/\/infocrep.cssdm.gouv.qc.ca\/creptransition\/#website\"},\"primaryImageOfPage\":{\"@id\":\"https:\/\/infocrep.cssdm.gouv.qc.ca\/creptransition\/modalites-et-frequence-des-rencontres\/#primaryimage\"},\"image\":{\"@id\":\"https:\/\/infocrep.cssdm.gouv.qc.ca\/creptransition\/modalites-et-frequence-des-rencontres\/#primaryimage\"},\"thumbnailUrl\":\"https:\/\/infocrep.cssdm.gouv.qc.ca\/creptransition\/wp-content\/uploads\/sites\/10\/2023\/02\/Soutien.png\",\"datePublished\":\"2023-01-17T02:33:37+00:00\",\"dateModified\":\"2025-03-27T19:34:21+00:00\",\"breadcrumb\":{\"@id\":\"https:\/\/infocrep.cssdm.gouv.qc.ca\/creptransition\/modalites-et-frequence-des-rencontres\/#breadcrumb\"},\"inLanguage\":\"fr-FR\",\"potentialAction\":[{\"@type\":\"ReadAction\",\"target\":[\"https:\/\/infocrep.cssdm.gouv.qc.ca\/creptransition\/modalites-et-frequence-des-rencontres\/\"]}]},{\"@type\":\"ImageObject\",\"inLanguage\":\"fr-FR\",\"@id\":\"https:\/\/infocrep.cssdm.gouv.qc.ca\/creptransition\/modalites-et-frequence-des-rencontres\/#primaryimage\",\"url\":\"https:\/\/infocrep.cssdm.gouv.qc.ca\/creptransition\/wp-content\/uploads\/sites\/10\/2023\/02\/Soutien.png\",\"contentUrl\":\"https:\/\/infocrep.cssdm.gouv.qc.ca\/creptransition\/wp-content\/uploads\/sites\/10\/2023\/02\/Soutien.png\",\"width\":1920,\"height\":1080},{\"@type\":\"BreadcrumbList\",\"@id\":\"https:\/\/infocrep.cssdm.gouv.qc.ca\/creptransition\/modalites-et-frequence-des-rencontres\/#breadcrumb\",\"itemListElement\":[{\"@type\":\"ListItem\",\"position\":1,\"name\":\"Accueil\",\"item\":\"https:\/\/infocrep.cssdm.gouv.qc.ca\/creptransition\/\"},{\"@type\":\"ListItem\",\"position\":2,\"name\":\"Modalit\u00e9s et fr\u00e9quence des rencontres\"}]},{\"@type\":\"WebSite\",\"@id\":\"https:\/\/infocrep.cssdm.gouv.qc.ca\/creptransition\/#website\",\"url\":\"https:\/\/infocrep.cssdm.gouv.qc.ca\/creptransition\/\",\"name\":\"CREP Transition\",\"description\":\"Un service personnalis\u00e9 vers ta r\u00e9ussite !\",\"potentialAction\":[{\"@type\":\"SearchAction\",\"target\":{\"@type\":\"EntryPoint\",\"urlTemplate\":\"https:\/\/infocrep.cssdm.gouv.qc.ca\/creptransition\/?s={search_term_string}\"},\"query-input\":{\"@type\":\"PropertyValueSpecification\",\"valueRequired\":true,\"valueName\":\"search_term_string\"}}],\"inLanguage\":\"fr-FR\"}]}<\/script>","yoast_head_json":{"title":"Modalit\u00e9s et fr\u00e9quence des rencontres - CREP Transition","robots":{"index":"index","follow":"follow","max-snippet":"max-snippet:-1","max-image-preview":"max-image-preview:large","max-video-preview":"max-video-preview:-1"},"canonical":"https:\/\/infocrep.cssdm.gouv.qc.ca\/creptransition\/modalites-et-frequence-des-rencontres\/","og_locale":"fr_FR","og_type":"article","og_title":"Modalit\u00e9s et fr\u00e9quence des rencontres - CREP Transition","og_description":"L\u2019accompagnement s\u2019offre directement dans le milieu que tu fr\u00e9quentes (centre de formation g\u00e9n\u00e9rale des adultes (FGA), centre de formation professionnelle (FP), C\u00e9gep, Universit\u00e9, organisme, \u00e9cole de milieu, entreprise d\u2019insertion, formation&hellip; Lire la suite","og_url":"https:\/\/infocrep.cssdm.gouv.qc.ca\/creptransition\/modalites-et-frequence-des-rencontres\/","og_site_name":"CREP Transition","article_modified_time":"2025-03-27T19:34:21+00:00","og_image":[{"width":1024,"height":576,"url":"https:\/\/infocrep.cssdm.gouv.qc.ca\/creptransition\/wp-content\/uploads\/sites\/10\/2023\/02\/Soutien-1024x576.png","type":"image\/png"}],"twitter_card":"summary_large_image","twitter_misc":{"Dur\u00e9e de lecture estim\u00e9e":"1 minute"},"schema":{"@context":"https:\/\/schema.org","@graph":[{"@type":"WebPage","@id":"https:\/\/infocrep.cssdm.gouv.qc.ca\/creptransition\/modalites-et-frequence-des-rencontres\/","url":"https:\/\/infocrep.cssdm.gouv.qc.ca\/creptransition\/modalites-et-frequence-des-rencontres\/","name":"Modalit\u00e9s et fr\u00e9quence des rencontres - CREP Transition","isPartOf":{"@id":"https:\/\/infocrep.cssdm.gouv.qc.ca\/creptransition\/#website"},"primaryImageOfPage":{"@id":"https:\/\/infocrep.cssdm.gouv.qc.ca\/creptransition\/modalites-et-frequence-des-rencontres\/#primaryimage"},"image":{"@id":"https:\/\/infocrep.cssdm.gouv.qc.ca\/creptransition\/modalites-et-frequence-des-rencontres\/#primaryimage"},"thumbnailUrl":"https:\/\/infocrep.cssdm.gouv.qc.ca\/creptransition\/wp-content\/uploads\/sites\/10\/2023\/02\/Soutien.png","datePublished":"2023-01-17T02:33:37+00:00","dateModified":"2025-03-27T19:34:21+00:00","breadcrumb":{"@id":"https:\/\/infocrep.cssdm.gouv.qc.ca\/creptransition\/modalites-et-frequence-des-rencontres\/#breadcrumb"},"inLanguage":"fr-FR","potentialAction":[{"@type":"ReadAction","target":["https:\/\/infocrep.cssdm.gouv.qc.ca\/creptransition\/modalites-et-frequence-des-rencontres\/"]}]},{"@type":"ImageObject","inLanguage":"fr-FR","@id":"https:\/\/infocrep.cssdm.gouv.qc.ca\/creptransition\/modalites-et-frequence-des-rencontres\/#primaryimage","url":"https:\/\/infocrep.cssdm.gouv.qc.ca\/creptransition\/wp-content\/uploads\/sites\/10\/2023\/02\/Soutien.png","contentUrl":"https:\/\/infocrep.cssdm.gouv.qc.ca\/creptransition\/wp-content\/uploads\/sites\/10\/2023\/02\/Soutien.png","width":1920,"height":1080},{"@type":"BreadcrumbList","@id":"https:\/\/infocrep.cssdm.gouv.qc.ca\/creptransition\/modalites-et-frequence-des-rencontres\/#breadcrumb","itemListElement":[{"@type":"ListItem","position":1,"name":"Accueil","item":"https:\/\/infocrep.cssdm.gouv.qc.ca\/creptransition\/"},{"@type":"ListItem","position":2,"name":"Modalit\u00e9s et fr\u00e9quence des rencontres"}]},{"@type":"WebSite","@id":"https:\/\/infocrep.cssdm.gouv.qc.ca\/creptransition\/#website","url":"https:\/\/infocrep.cssdm.gouv.qc.ca\/creptransition\/","name":"CREP Transition","description":"Un service personnalis\u00e9 vers ta r\u00e9ussite !","potentialAction":[{"@type":"SearchAction","target":{"@type":"EntryPoint","urlTemplate":"https:\/\/infocrep.cssdm.gouv.qc.ca\/creptransition\/?s={search_term_string}"},"query-input":{"@type":"PropertyValueSpecification","valueRequired":true,"valueName":"search_term_string"}}],"inLanguage":"fr-FR"}]}},"_links":{"self":[{"href":"https:\/\/infocrep.cssdm.gouv.qc.ca\/creptransition\/wp-json\/wp\/v2\/pages\/457","targetHints":{"allow":["GET"]}}],"collection":[{"href":"https:\/\/infocrep.cssdm.gouv.qc.ca\/creptransition\/wp-json\/wp\/v2\/pages"}],"about":[{"href":"https:\/\/infocrep.cssdm.gouv.qc.ca\/creptransition\/wp-json\/wp\/v2\/types\/page"}],"author":[{"embeddable":true,"href":"https:\/\/infocrep.cssdm.gouv.qc.ca\/creptransition\/wp-json\/wp\/v2\/users\/2"}],"replies":[{"embeddable":true,"href":"https:\/\/infocrep.cssdm.gouv.qc.ca\/creptransition\/wp-json\/wp\/v2\/comments?post=457"}],"version-history":[{"count":19,"href":"https:\/\/infocrep.cssdm.gouv.qc.ca\/creptransition\/wp-json\/wp\/v2\/pages\/457\/revisions"}],"predecessor-version":[{"id":869,"href":"https:\/\/infocrep.cssdm.gouv.qc.ca\/creptransition\/wp-json\/wp\/v2\/pages\/457\/revisions\/869"}],"wp:attachment":[{"href":"https:\/\/infocrep.cssdm.gouv.qc.ca\/creptransition\/wp-json\/wp\/v2\/media?parent=457"}],"curies":[{"name":"wp","href":"https:\/\/api.w.org\/{rel}","templated":true}]}}