{"id":449,"date":"2023-01-17T02:52:38","date_gmt":"2023-01-17T01:52:38","guid":{"rendered":"https:\/\/infocrep.cssdm.gouv.qc.ca\/creptransition\/?page_id=449"},"modified":"2025-03-27T15:34:57","modified_gmt":"2025-03-27T19:34:57","slug":"une-mission-unique-qui-donne-le-pouvoir-dagir","status":"publish","type":"page","link":"https:\/\/infocrep.cssdm.gouv.qc.ca\/creptransition\/une-mission-unique-qui-donne-le-pouvoir-dagir\/","title":{"rendered":"Une mission unique qui donne le pouvoir d\u2019agir!"},"content":{"rendered":"<h3><strong>Un centre d\u2019\u00e9ducation des adultes vous offrant des ressources \u00e9ducatives et p\u00e9dagogiques adapt\u00e9es pour vous! <\/strong><\/h3>\n<p>Au <strong><a href=\"https:\/\/centre-ressources-educatives.cssdm.gouv.qc.ca\/\">Centre de ressources \u00e9ducatives et p\u00e9dagogiques (CREP)<\/a> <\/strong>du Centre de services scolaire de Montr\u00e9al (CSSDM), notre vision inclusive de l\u2019\u00e9ducation nous permet de r\u00e9pondre aux besoins particuliers en apprentissage des jeunes adultes et des adultes. En partenariat avec des organismes communautaires et des entreprises d\u2019insertion, nous offrons des services \u00e9ducatifs qui s\u2019adressent \u00e0 <span data-contrast=\"auto\">\u00a0leurs client\u00e8les \u00e0 besoins particuliers et \u00e9loign\u00e9es des centres de formation. Ayant pour objectif premier l\u2019autod\u00e9termination, nos services visent l\u2019enrichissement de la vie personnelle, sociale et professionnelle des adultes. <\/span><span data-ccp-props=\"{&quot;201341983&quot;:0,&quot;335551550&quot;:6,&quot;335551620&quot;:6,&quot;335559739&quot;:160,&quot;335559740&quot;:259}\">\u00a0<\/span><\/p>\n<p>Au CREP, les plans de formation sont \u00e9labor\u00e9s conjointement avec les organismes partenaires \u00e0 partir de l\u2019\u00e9valuation de leurs besoins et de ceux de leurs client\u00e8les afin de d\u00e9ployer nos services en coh\u00e9rence avec les leurs. Ainsi, notre \u00e9quipe enseignants \u0153uvre chez nos partenaires en travaillant en compl\u00e9mentarit\u00e9 avec leur \u00e9quipe pour offrir des parcours \u00e9ducatifs adapt\u00e9s aux besoins sp\u00e9cifiques de leurs participants.<\/p>\n<p>En instaurant une vraie collaboration avec nos partenaires, nous offrons des services inclusifs de qualit\u00e9 et sur mesure. L\u2019\u00e9quit\u00e9, le respect et la justice teintent toutes les actions p\u00e9dagogiques du CREP. C&rsquo;est en unissant notre mission \u00e0 celle de nos partenaires que nous accompagnons les adultes \u00e0 prendre le pouvoir sur leur vie afin qu\u2019ils puissent se construire un avenir \u00e0 la hauteur de leurs aspirations. <span data-ccp-props=\"{&quot;201341983&quot;:0,&quot;335551550&quot;:6,&quot;335551620&quot;:6,&quot;335559739&quot;:160,&quot;335559740&quot;:259}\">\u00a0<\/span><\/p>\n<h3><strong>Avec qui travaillons-nous\u00a0<\/strong><\/h3>\n<p>Nous travaillons en partenariat avec des organismes communautaires et des entreprises d\u2019insertion qui \u0153uvrent aupr\u00e8s d\u2019adultes ayant de multiples d\u00e9fis tels que :<\/p>\n<ul>\n<li>Difficult\u00e9s psychosociales\u00a0:\n<ul>\n<li>Troubles de sant\u00e9 mentale<\/li>\n<li>D\u00e9crochage scolaire<\/li>\n<li>Itin\u00e9rance<\/li>\n<li>Toxicomanie<\/li>\n<\/ul>\n<\/li>\n<li>D\u00e9ficience intellectuelle physique,<\/li>\n<li>Trouble du spectre de l\u2019autiste (TSA)<\/li>\n<li>Difficult\u00e9s lors d\u2019une transition scolaire<\/li>\n<li>Difficult\u00e9s \u00e0 acc\u00e9der au march\u00e9 du travail et de s\u2019y maintenir<\/li>\n<li>Difficult\u00e9s d\u2019apprentissage et d\u2019organisation<\/li>\n<li>Isolement et marginalisation sociale<\/li>\n<li>Exp\u00e9rience n\u00e9gative avec l\u2019\u00e9cole ou phobie scolaire<\/li>\n<li>Longue absence du syst\u00e8me scolaire ou difficult\u00e9s pour un retour aux \u00e9tudes<\/li>\n<li>Sous-scolarisation ou un faible niveau scolaire d\u2019alphab\u00e9tisation<\/li>\n<li>Immigration pr\u00e9sentant un d\u00e9fi d\u2019int\u00e9gration<\/li>\n<\/ul>\n<h3><strong>Quels sont nos services<\/strong><\/h3>\n<p><strong>Nos programmes du minist\u00e8re de l\u2019\u00c9ducation\u00a0<\/strong><\/p>\n<p>Selon la situation de l\u2019adulte, ces programmes pr\u00e9parent \u00e0 l\u2019emploi ou \u00e0 la poursuite de leur cheminement scolaire par l\u2019acquisition de connaissances et le rehaussement de comp\u00e9tences.<\/p>\n<ul>\n<li><a href=\"https:\/\/centre-ressources-educatives.cssdm.gouv.qc.ca\/cours-offerts\/integration-sociale\/\" target=\"_blank\" rel=\"noopener\">Participation sociale\u00a0<\/a><\/li>\n<li><a href=\"https:\/\/centre-ressources-educatives.cssdm.gouv.qc.ca\/cours-offerts\/integration-socioprofessionnelle\/\" target=\"_blank\" rel=\"noopener\">Int\u00e9gration socioprofessionnelle<\/a><\/li>\n<li><a href=\"https:\/\/centre-ressources-educatives.cssdm.gouv.qc.ca\/cours-offerts\/francisation\/\" target=\"_blank\" rel=\"noopener\">Francisation<\/a><\/li>\n<\/ul>\n<p><strong>Notre autre service\u00a0\u00a0\u00a0<\/strong><\/p>\n<ul>\n<li><a href=\"https:\/\/centre-ressources-educatives.cssdm.gouv.qc.ca\/cours-offerts\/education-populaire\/\" target=\"_blank\" rel=\"noopener\">Service de l\u2019\u00c9ducation populaire\u00a0<\/a><\/li>\n<\/ul>\n<p><strong>\u00a0<\/strong><\/p>\n<h3><strong>Communiquez avec nous pour obtenir plus d\u2019information sur notre offre de service<\/strong><\/h3>\n<p><strong>Centre de ressources \u00e9ducatives et p\u00e9dagogiques (CREP)<\/strong><\/p>\n<p><strong>5100, rue Sherbrooke Est, 9e \u00e9tage<\/strong><\/p>\n<p><strong>Montr\u00e9al (Qu\u00e9bec) H1V 3R9<\/strong><\/p>\n<p><strong>T\u00e9l\u00e9phone : 514 596-4567<\/strong><\/p>\n<p><strong>Courriel\u00a0: <a href=\"mailto:crep@cssdm.gouv.qc.ca\">crep@cssdm.gouv.qc.ca<\/a><\/strong><\/p>\n<p><strong>Site web : <a href=\"https:\/\/centre-ressources-educatives.cssdm.gouv.qc.ca\/\" target=\"_blank\" rel=\"noopener\">centre-ressources-educatives.cssdm.gouv.qc.ca<\/a><\/strong><\/p>\n<p dir=\"ltr\"><img loading=\"lazy\" decoding=\"async\" class=\"wp-image-874 aligncenter\" src=\"https:\/\/infocrep.cssdm.gouv.qc.ca\/creptransition\/wp-content\/uploads\/sites\/10\/2023\/02\/20171016_CREP_Cover_GEN-1-1685x1080.jpg\" alt=\"CREP, inclusion, \u00e9quit\u00e9, service flexible, service adapt\u00e9\" width=\"1015\" height=\"651\" srcset=\"https:\/\/infocrep.cssdm.gouv.qc.ca\/creptransition\/wp-content\/uploads\/sites\/10\/2023\/02\/20171016_CREP_Cover_GEN-1-1685x1080.jpg 1685w, https:\/\/infocrep.cssdm.gouv.qc.ca\/creptransition\/wp-content\/uploads\/sites\/10\/2023\/02\/20171016_CREP_Cover_GEN-1-300x192.jpg 300w, https:\/\/infocrep.cssdm.gouv.qc.ca\/creptransition\/wp-content\/uploads\/sites\/10\/2023\/02\/20171016_CREP_Cover_GEN-1-1024x656.jpg 1024w, https:\/\/infocrep.cssdm.gouv.qc.ca\/creptransition\/wp-content\/uploads\/sites\/10\/2023\/02\/20171016_CREP_Cover_GEN-1-768x492.jpg 768w, https:\/\/infocrep.cssdm.gouv.qc.ca\/creptransition\/wp-content\/uploads\/sites\/10\/2023\/02\/20171016_CREP_Cover_GEN-1-1536x984.jpg 1536w, https:\/\/infocrep.cssdm.gouv.qc.ca\/creptransition\/wp-content\/uploads\/sites\/10\/2023\/02\/20171016_CREP_Cover_GEN-1-2048x1312.jpg 2048w\" sizes=\"auto, (max-width: 1015px) 100vw, 1015px\" \/><\/p>\n","protected":false},"excerpt":{"rendered":"<p>Un centre d\u2019\u00e9ducation des adultes vous offrant des ressources \u00e9ducatives et p\u00e9dagogiques adapt\u00e9es pour vous! Au Centre de ressources \u00e9ducatives et p\u00e9dagogiques (CREP) du Centre de services scolaire de Montr\u00e9al&hellip; <br \/> <a class=\"read-more\" href=\"https:\/\/infocrep.cssdm.gouv.qc.ca\/creptransition\/une-mission-unique-qui-donne-le-pouvoir-dagir\/\">Lire la suite<\/a><\/p>\n","protected":false},"author":2,"featured_media":0,"parent":0,"menu_order":0,"comment_status":"closed","ping_status":"closed","template":"page-templates\/page-with-right-sidebar.php","meta":{"footnotes":""},"class_list":["post-449","page","type-page","status-publish","hentry"],"yoast_head":"<title>Une mission unique qui donne le pouvoir d\u2019agir! - CREP Transition<\/title>\r\n<meta name=\"robots\" content=\"index, follow, max-snippet:-1, max-image-preview:large, max-video-preview:-1\" \/>\r\n<link rel=\"canonical\" href=\"https:\/\/infocrep.cssdm.gouv.qc.ca\/creptransition\/une-mission-unique-qui-donne-le-pouvoir-dagir\/\" \/>\r\n<meta property=\"og:locale\" content=\"fr_FR\" \/>\r\n<meta property=\"og:type\" content=\"article\" \/>\r\n<meta property=\"og:title\" content=\"Une mission unique qui donne le pouvoir d\u2019agir! - CREP Transition\" \/>\r\n<meta property=\"og:description\" content=\"Un centre d\u2019\u00e9ducation des adultes vous offrant des ressources \u00e9ducatives et p\u00e9dagogiques adapt\u00e9es pour vous! Au Centre de ressources \u00e9ducatives et p\u00e9dagogiques (CREP) du Centre de services scolaire de Montr\u00e9al&hellip; Lire la suite\" \/>\r\n<meta property=\"og:url\" content=\"https:\/\/infocrep.cssdm.gouv.qc.ca\/creptransition\/une-mission-unique-qui-donne-le-pouvoir-dagir\/\" \/>\r\n<meta property=\"og:site_name\" content=\"CREP Transition\" \/>\r\n<meta property=\"article:modified_time\" content=\"2025-03-27T19:34:57+00:00\" \/>\r\n<meta property=\"og:image\" content=\"https:\/\/infocrep.cssdm.gouv.qc.ca\/creptransition\/wp-content\/uploads\/sites\/10\/2023\/02\/20171016_CREP_Cover_GEN-1-1024x656.jpg\" \/>\r\n\t<meta property=\"og:image:width\" content=\"1024\" \/>\r\n\t<meta property=\"og:image:height\" content=\"656\" \/>\r\n\t<meta property=\"og:image:type\" content=\"image\/jpeg\" \/>\r\n<meta name=\"twitter:card\" content=\"summary_large_image\" \/>\r\n<meta name=\"twitter:label1\" content=\"Dur\u00e9e de lecture estim\u00e9e\" \/>\n\t<meta name=\"twitter:data1\" content=\"3 minutes\" \/>\r\n<script type=\"application\/ld+json\" class=\"yoast-schema-graph\">{\"@context\":\"https:\/\/schema.org\",\"@graph\":[{\"@type\":\"WebPage\",\"@id\":\"https:\/\/infocrep.cssdm.gouv.qc.ca\/creptransition\/une-mission-unique-qui-donne-le-pouvoir-dagir\/\",\"url\":\"https:\/\/infocrep.cssdm.gouv.qc.ca\/creptransition\/une-mission-unique-qui-donne-le-pouvoir-dagir\/\",\"name\":\"Une mission unique qui donne le pouvoir d\u2019agir! - CREP Transition\",\"isPartOf\":{\"@id\":\"https:\/\/infocrep.cssdm.gouv.qc.ca\/creptransition\/#website\"},\"primaryImageOfPage\":{\"@id\":\"https:\/\/infocrep.cssdm.gouv.qc.ca\/creptransition\/une-mission-unique-qui-donne-le-pouvoir-dagir\/#primaryimage\"},\"image\":{\"@id\":\"https:\/\/infocrep.cssdm.gouv.qc.ca\/creptransition\/une-mission-unique-qui-donne-le-pouvoir-dagir\/#primaryimage\"},\"thumbnailUrl\":\"https:\/\/infocrep.cssdm.gouv.qc.ca\/creptransition\/wp-content\/uploads\/sites\/10\/2023\/02\/20171016_CREP_Cover_GEN-1-1685x1080.jpg\",\"datePublished\":\"2023-01-17T01:52:38+00:00\",\"dateModified\":\"2025-03-27T19:34:57+00:00\",\"breadcrumb\":{\"@id\":\"https:\/\/infocrep.cssdm.gouv.qc.ca\/creptransition\/une-mission-unique-qui-donne-le-pouvoir-dagir\/#breadcrumb\"},\"inLanguage\":\"fr-FR\",\"potentialAction\":[{\"@type\":\"ReadAction\",\"target\":[\"https:\/\/infocrep.cssdm.gouv.qc.ca\/creptransition\/une-mission-unique-qui-donne-le-pouvoir-dagir\/\"]}]},{\"@type\":\"ImageObject\",\"inLanguage\":\"fr-FR\",\"@id\":\"https:\/\/infocrep.cssdm.gouv.qc.ca\/creptransition\/une-mission-unique-qui-donne-le-pouvoir-dagir\/#primaryimage\",\"url\":\"https:\/\/infocrep.cssdm.gouv.qc.ca\/creptransition\/wp-content\/uploads\/sites\/10\/2023\/02\/20171016_CREP_Cover_GEN-1.jpg\",\"contentUrl\":\"https:\/\/infocrep.cssdm.gouv.qc.ca\/creptransition\/wp-content\/uploads\/sites\/10\/2023\/02\/20171016_CREP_Cover_GEN-1.jpg\",\"width\":2400,\"height\":1538,\"caption\":\"CREP, inclusion, \u00e9quit\u00e9, service flexible, service adapt\u00e9\"},{\"@type\":\"BreadcrumbList\",\"@id\":\"https:\/\/infocrep.cssdm.gouv.qc.ca\/creptransition\/une-mission-unique-qui-donne-le-pouvoir-dagir\/#breadcrumb\",\"itemListElement\":[{\"@type\":\"ListItem\",\"position\":1,\"name\":\"Accueil\",\"item\":\"https:\/\/infocrep.cssdm.gouv.qc.ca\/creptransition\/\"},{\"@type\":\"ListItem\",\"position\":2,\"name\":\"Une mission unique qui donne le pouvoir d\u2019agir!\"}]},{\"@type\":\"WebSite\",\"@id\":\"https:\/\/infocrep.cssdm.gouv.qc.ca\/creptransition\/#website\",\"url\":\"https:\/\/infocrep.cssdm.gouv.qc.ca\/creptransition\/\",\"name\":\"CREP Transition\",\"description\":\"Un service personnalis\u00e9 vers ta r\u00e9ussite !\",\"potentialAction\":[{\"@type\":\"SearchAction\",\"target\":{\"@type\":\"EntryPoint\",\"urlTemplate\":\"https:\/\/infocrep.cssdm.gouv.qc.ca\/creptransition\/?s={search_term_string}\"},\"query-input\":{\"@type\":\"PropertyValueSpecification\",\"valueRequired\":true,\"valueName\":\"search_term_string\"}}],\"inLanguage\":\"fr-FR\"}]}<\/script>","yoast_head_json":{"title":"Une mission unique qui donne le pouvoir d\u2019agir! - CREP Transition","robots":{"index":"index","follow":"follow","max-snippet":"max-snippet:-1","max-image-preview":"max-image-preview:large","max-video-preview":"max-video-preview:-1"},"canonical":"https:\/\/infocrep.cssdm.gouv.qc.ca\/creptransition\/une-mission-unique-qui-donne-le-pouvoir-dagir\/","og_locale":"fr_FR","og_type":"article","og_title":"Une mission unique qui donne le pouvoir d\u2019agir! - CREP Transition","og_description":"Un centre d\u2019\u00e9ducation des adultes vous offrant des ressources \u00e9ducatives et p\u00e9dagogiques adapt\u00e9es pour vous! Au Centre de ressources \u00e9ducatives et p\u00e9dagogiques (CREP) du Centre de services scolaire de Montr\u00e9al&hellip; Lire la suite","og_url":"https:\/\/infocrep.cssdm.gouv.qc.ca\/creptransition\/une-mission-unique-qui-donne-le-pouvoir-dagir\/","og_site_name":"CREP Transition","article_modified_time":"2025-03-27T19:34:57+00:00","og_image":[{"width":1024,"height":656,"url":"https:\/\/infocrep.cssdm.gouv.qc.ca\/creptransition\/wp-content\/uploads\/sites\/10\/2023\/02\/20171016_CREP_Cover_GEN-1-1024x656.jpg","type":"image\/jpeg"}],"twitter_card":"summary_large_image","twitter_misc":{"Dur\u00e9e de lecture estim\u00e9e":"3 minutes"},"schema":{"@context":"https:\/\/schema.org","@graph":[{"@type":"WebPage","@id":"https:\/\/infocrep.cssdm.gouv.qc.ca\/creptransition\/une-mission-unique-qui-donne-le-pouvoir-dagir\/","url":"https:\/\/infocrep.cssdm.gouv.qc.ca\/creptransition\/une-mission-unique-qui-donne-le-pouvoir-dagir\/","name":"Une mission unique qui donne le pouvoir d\u2019agir! - CREP Transition","isPartOf":{"@id":"https:\/\/infocrep.cssdm.gouv.qc.ca\/creptransition\/#website"},"primaryImageOfPage":{"@id":"https:\/\/infocrep.cssdm.gouv.qc.ca\/creptransition\/une-mission-unique-qui-donne-le-pouvoir-dagir\/#primaryimage"},"image":{"@id":"https:\/\/infocrep.cssdm.gouv.qc.ca\/creptransition\/une-mission-unique-qui-donne-le-pouvoir-dagir\/#primaryimage"},"thumbnailUrl":"https:\/\/infocrep.cssdm.gouv.qc.ca\/creptransition\/wp-content\/uploads\/sites\/10\/2023\/02\/20171016_CREP_Cover_GEN-1-1685x1080.jpg","datePublished":"2023-01-17T01:52:38+00:00","dateModified":"2025-03-27T19:34:57+00:00","breadcrumb":{"@id":"https:\/\/infocrep.cssdm.gouv.qc.ca\/creptransition\/une-mission-unique-qui-donne-le-pouvoir-dagir\/#breadcrumb"},"inLanguage":"fr-FR","potentialAction":[{"@type":"ReadAction","target":["https:\/\/infocrep.cssdm.gouv.qc.ca\/creptransition\/une-mission-unique-qui-donne-le-pouvoir-dagir\/"]}]},{"@type":"ImageObject","inLanguage":"fr-FR","@id":"https:\/\/infocrep.cssdm.gouv.qc.ca\/creptransition\/une-mission-unique-qui-donne-le-pouvoir-dagir\/#primaryimage","url":"https:\/\/infocrep.cssdm.gouv.qc.ca\/creptransition\/wp-content\/uploads\/sites\/10\/2023\/02\/20171016_CREP_Cover_GEN-1.jpg","contentUrl":"https:\/\/infocrep.cssdm.gouv.qc.ca\/creptransition\/wp-content\/uploads\/sites\/10\/2023\/02\/20171016_CREP_Cover_GEN-1.jpg","width":2400,"height":1538,"caption":"CREP, inclusion, \u00e9quit\u00e9, service flexible, service adapt\u00e9"},{"@type":"BreadcrumbList","@id":"https:\/\/infocrep.cssdm.gouv.qc.ca\/creptransition\/une-mission-unique-qui-donne-le-pouvoir-dagir\/#breadcrumb","itemListElement":[{"@type":"ListItem","position":1,"name":"Accueil","item":"https:\/\/infocrep.cssdm.gouv.qc.ca\/creptransition\/"},{"@type":"ListItem","position":2,"name":"Une mission unique qui donne le pouvoir d\u2019agir!"}]},{"@type":"WebSite","@id":"https:\/\/infocrep.cssdm.gouv.qc.ca\/creptransition\/#website","url":"https:\/\/infocrep.cssdm.gouv.qc.ca\/creptransition\/","name":"CREP Transition","description":"Un service personnalis\u00e9 vers ta r\u00e9ussite !","potentialAction":[{"@type":"SearchAction","target":{"@type":"EntryPoint","urlTemplate":"https:\/\/infocrep.cssdm.gouv.qc.ca\/creptransition\/?s={search_term_string}"},"query-input":{"@type":"PropertyValueSpecification","valueRequired":true,"valueName":"search_term_string"}}],"inLanguage":"fr-FR"}]}},"_links":{"self":[{"href":"https:\/\/infocrep.cssdm.gouv.qc.ca\/creptransition\/wp-json\/wp\/v2\/pages\/449","targetHints":{"allow":["GET"]}}],"collection":[{"href":"https:\/\/infocrep.cssdm.gouv.qc.ca\/creptransition\/wp-json\/wp\/v2\/pages"}],"about":[{"href":"https:\/\/infocrep.cssdm.gouv.qc.ca\/creptransition\/wp-json\/wp\/v2\/types\/page"}],"author":[{"embeddable":true,"href":"https:\/\/infocrep.cssdm.gouv.qc.ca\/creptransition\/wp-json\/wp\/v2\/users\/2"}],"replies":[{"embeddable":true,"href":"https:\/\/infocrep.cssdm.gouv.qc.ca\/creptransition\/wp-json\/wp\/v2\/comments?post=449"}],"version-history":[{"count":11,"href":"https:\/\/infocrep.cssdm.gouv.qc.ca\/creptransition\/wp-json\/wp\/v2\/pages\/449\/revisions"}],"predecessor-version":[{"id":1097,"href":"https:\/\/infocrep.cssdm.gouv.qc.ca\/creptransition\/wp-json\/wp\/v2\/pages\/449\/revisions\/1097"}],"wp:attachment":[{"href":"https:\/\/infocrep.cssdm.gouv.qc.ca\/creptransition\/wp-json\/wp\/v2\/media?parent=449"}],"curies":[{"name":"wp","href":"https:\/\/api.w.org\/{rel}","templated":true}]}}