{"id":450,"date":"2022-05-20T19:50:08","date_gmt":"2022-05-20T19:50:08","guid":{"rendered":"https:\/\/infocrep.cssdm.gouv.qc.ca\/bottin\/?page_id=450"},"modified":"2024-04-19T10:21:36","modified_gmt":"2024-04-19T14:21:36","slug":"le-programme-dintegration-socioprofessionnelle-isp-du-ministere-de-leducation","status":"publish","type":"page","link":"https:\/\/infocrep.cssdm.gouv.qc.ca\/bottin\/le-programme-dintegration-socioprofessionnelle-isp-du-ministere-de-leducation\/","title":{"rendered":"Le programme d\u2019int\u00e9gration socioprofessionnelle (ISP) du minist\u00e8re de l\u2019\u00c9ducation\u00a0\u00a0  \u00a0"},"content":{"rendered":"<!-- Added by Post\/Page specific custom CSS plugin, thank you for using! -->\r\n<style>.featured-area .entry-title{\r\n\tmargin-top: -2em;\r\n\tfont-size: 3em;\r\n\ttext-align: left\r\n}\r\n\r\n.entry-content {\r\nmargin-top: 30px;\r\n}<\/style>\r\n<h2>Relever les d\u00e9fis des nouvelles r\u00e9alit\u00e9s du march\u00e9 du travail<\/h2>\n<p>L\u2019int\u00e9gration socioprofessionnelle favorise une int\u00e9gration r\u00e9ussie dans le monde des \u00e9tudes et du travail par une d\u00e9marche continue et permanente engageant toutes les dimensions de la personne et lui permettant d\u2019apprendre \u00e0 apprendre.<\/p>\n<p>Ce programme vise le d\u00e9veloppement de comp\u00e9tences socioprofessionnelles et professionnelles dans le but d\u2019acc\u00e9der directement au march\u00e9 du travail, de s\u2019y maintenir ou encore de poursuivre des \u00e9tudes. L\u2019int\u00e9gration socioprofessionnelle a pour objectif de favoriser l\u2019acquisition et l\u2019int\u00e9gration de connaissances et d\u2019habilet\u00e9s qui permettront \u00e0 l\u2019adulte de trouver et de mettre en application, dans divers contextes, des solutions personnelles favorisant son autonomie et une meilleure qualit\u00e9 de vie.<\/p>\n<p>L\u2019ISP constitue une d\u00e9marche de d\u00e9veloppement de l\u2019employabilit\u00e9 soutenue par l\u2019acquisition et le d\u00e9veloppement de comp\u00e9tences socioprofessionnelles : elle permet \u00e0 l\u2019adulte de parfaire des aspects de son d\u00e9veloppement personnel, de la communication orale et \u00e9crite, du travail en \u00e9quipe et du d\u00e9veloppement professionnel.<\/p>\n<p>\u00c0 noter que dans ce domaine, les plus importantes entreprises d\u2019insertion de Montr\u00e9al figurent parmi les partenaires du CREP. Certains des parcours qui y sont offerts peuvent mener \u00e0 un certificat de formation d\u2019un m\u00e9tier semi-sp\u00e9cialis\u00e9.<\/p>\n<p>Voici les dimensions de l\u2019employabilit\u00e9 abord\u00e9es lors de la formation :<\/p>\n<ul>\n<li style=\"list-style-type: none;\">\n<ul>\n<li data-leveltext=\"-\" data-font=\"Calibri\" data-listid=\"6\" data-list-defn-props=\"{&quot;335551671&quot;:0,&quot;335552541&quot;:1,&quot;335559684&quot;:-2,&quot;335559685&quot;:720,&quot;335559991&quot;:360,&quot;469769226&quot;:&quot;Calibri&quot;,&quot;469769242&quot;:[8226],&quot;469777803&quot;:&quot;left&quot;,&quot;469777804&quot;:&quot;-&quot;,&quot;469777815&quot;:&quot;hybridMultilevel&quot;}\" aria-setsize=\"-1\" data-aria-posinset=\"0\" data-aria-level=\"1\">Choix professionnel<\/li>\n<li data-leveltext=\"-\" data-font=\"Calibri\" data-listid=\"6\" data-list-defn-props=\"{&quot;335551671&quot;:0,&quot;335552541&quot;:1,&quot;335559684&quot;:-2,&quot;335559685&quot;:720,&quot;335559991&quot;:360,&quot;469769226&quot;:&quot;Calibri&quot;,&quot;469769242&quot;:[8226],&quot;469777803&quot;:&quot;left&quot;,&quot;469777804&quot;:&quot;-&quot;,&quot;469777815&quot;:&quot;hybridMultilevel&quot;}\" aria-setsize=\"-1\" data-aria-posinset=\"0\" data-aria-level=\"1\">Int\u00e9gration et maintien en emploi<\/li>\n<li data-leveltext=\"-\" data-font=\"Calibri\" data-listid=\"6\" data-list-defn-props=\"{&quot;335551671&quot;:0,&quot;335552541&quot;:1,&quot;335559684&quot;:-2,&quot;335559685&quot;:720,&quot;335559991&quot;:360,&quot;469769226&quot;:&quot;Calibri&quot;,&quot;469769242&quot;:[8226],&quot;469777803&quot;:&quot;left&quot;,&quot;469777804&quot;:&quot;-&quot;,&quot;469777815&quot;:&quot;hybridMultilevel&quot;}\" aria-setsize=\"-1\" data-aria-posinset=\"0\" data-aria-level=\"1\">Comp\u00e9tences professionnelles<\/li>\n<li data-leveltext=\"-\" data-font=\"Calibri\" data-listid=\"6\" data-list-defn-props=\"{&quot;335551671&quot;:0,&quot;335552541&quot;:1,&quot;335559684&quot;:-2,&quot;335559685&quot;:720,&quot;335559991&quot;:360,&quot;469769226&quot;:&quot;Calibri&quot;,&quot;469769242&quot;:[8226],&quot;469777803&quot;:&quot;left&quot;,&quot;469777804&quot;:&quot;-&quot;,&quot;469777815&quot;:&quot;hybridMultilevel&quot;}\" aria-setsize=\"-1\" data-aria-posinset=\"0\" data-aria-level=\"1\">Recherche d\u2019emploi<\/li>\n<\/ul>\n<\/li>\n<\/ul>\n<h4>La reconnaissance des apprentissages : un volet de l\u2019ISP<\/h4>\n<p><strong>Une attestation officielle d\u00e9livr\u00e9e selon les apprentissages r\u00e9alis\u00e9s chez nos partenaires\u00a0\u00a0<\/strong><\/p>\n<p>La reconnaissance des apprentissages vise \u00e0 reconnaitre les apprentissages th\u00e9oriques et pratiques r\u00e9alis\u00e9s par le biais d\u2019activit\u00e9s de formation ou de stages en entreprise faits chez nos partenaires. Il en r\u00e9sulte une attestation soit : de formation pr\u00e9paratoire \u00e0 l\u2019emploi, de formation \u00e0 un m\u00e9tier non sp\u00e9cialis\u00e9 ou de participation. Il est \u00e9galement possible d\u2019obtenir un certificat de m\u00e9tier semi-sp\u00e9cialis\u00e9 selon le parcours. Ce type de reconnaissance facilite ind\u00e9niablement la recherche et l\u2019int\u00e9gration en emploi des adultes.<\/p>\n<p>De plus en plus d\u2019organismes et d\u2019entreprises d\u2019insertion souhaitent se pr\u00e9valoir de cette reconnaissance officielle du minist\u00e8re de l\u2019\u00c9ducation afin que soit reconnu leur parcours de formation technique et socioprofessionnelle. En r\u00e9pondant \u00e0 cette demande, le CREP a mis au point diff\u00e9rentes formules adapt\u00e9es aux r\u00e9alit\u00e9s et aux orientations de chacun.<\/p>\n<h4>Qui peut b\u00e9n\u00e9ficier du programme d\u2019int\u00e9gration socioprofessionnelle?<\/h4>\n<p>Tout adulte de 16 ans d\u00e9sireux d\u2019entreprendre une d\u00e9marche d\u2019employabilit\u00e9.<\/p>\n<p>Modalit\u00e9s organisationnelles :<\/p>\n<ul>\n<li style=\"list-style-type: none;\">\n<ul>\n<li>Cours offerts chez les organismes partenaires;<\/li>\n<li>souplesse de l\u2019horaire, de la dur\u00e9e et des dates des cours;<\/li>\n<li>plan de formation flexible et adapt\u00e9 aux besoins particuliers de l\u2019adulte;<\/li>\n<li>pour les parcours menant \u00e0 l\u2019obtention d\u2019un certificat de formation \u00e0 un m\u00e9tier semi-sp\u00e9cialis\u00e9 (CFMS), la formation est d\u2019une dur\u00e9e minimale de 900 heures (qui comprend 450 heures de formation g\u00e9n\u00e9rale et 450 heures de formation pratique);<\/li>\n<li>cours gratuits (des frais de services compl\u00e9mentaires peuvent s\u2019appliquer).<\/li>\n<\/ul>\n<\/li>\n<\/ul>\n","protected":false},"excerpt":{"rendered":"<p>Relever les d\u00e9fis des nouvelles r\u00e9alit\u00e9s du march\u00e9 du travail L\u2019int\u00e9gration socioprofessionnelle favorise une int\u00e9gration r\u00e9ussie dans le monde des \u00e9tudes et du travail par une d\u00e9marche continue et permanente engageant toutes les dimensions de la personne et lui permettant d\u2019apprendre \u00e0 apprendre. Ce programme vise le d\u00e9veloppement de comp\u00e9tences socioprofessionnelles et professionnelles dans le<a class=\"moretag\" href=\"https:\/\/infocrep.cssdm.gouv.qc.ca\/bottin\/le-programme-dintegration-socioprofessionnelle-isp-du-ministere-de-leducation\/\"> Read more&#8230;<\/a><\/p>\n","protected":false},"author":1,"featured_media":0,"parent":0,"menu_order":0,"comment_status":"closed","ping_status":"closed","template":"geodirectory.php","meta":{"_lmt_disableupdate":"no","_lmt_disable":"","footnotes":""},"coauthors":[242],"class_list":["post-450","page","type-page","status-publish","hentry"],"_links":{"self":[{"href":"https:\/\/infocrep.cssdm.gouv.qc.ca\/bottin\/wp-json\/wp\/v2\/pages\/450","targetHints":{"allow":["GET"]}}],"collection":[{"href":"https:\/\/infocrep.cssdm.gouv.qc.ca\/bottin\/wp-json\/wp\/v2\/pages"}],"about":[{"href":"https:\/\/infocrep.cssdm.gouv.qc.ca\/bottin\/wp-json\/wp\/v2\/types\/page"}],"author":[{"embeddable":true,"href":"https:\/\/infocrep.cssdm.gouv.qc.ca\/bottin\/wp-json\/wp\/v2\/users\/1"}],"replies":[{"embeddable":true,"href":"https:\/\/infocrep.cssdm.gouv.qc.ca\/bottin\/wp-json\/wp\/v2\/comments?post=450"}],"version-history":[{"count":0,"href":"https:\/\/infocrep.cssdm.gouv.qc.ca\/bottin\/wp-json\/wp\/v2\/pages\/450\/revisions"}],"wp:attachment":[{"href":"https:\/\/infocrep.cssdm.gouv.qc.ca\/bottin\/wp-json\/wp\/v2\/media?parent=450"}],"wp:term":[{"taxonomy":"author","embeddable":true,"href":"https:\/\/infocrep.cssdm.gouv.qc.ca\/bottin\/wp-json\/wp\/v2\/coauthors?post=450"}],"curies":[{"name":"wp","href":"https:\/\/api.w.org\/{rel}","templated":true}]}}